{"id":544,"date":"2025-07-12T21:03:13","date_gmt":"2025-07-12T19:03:13","guid":{"rendered":"https:\/\/creations-amandine.fr\/?post_type=product&#038;p=544"},"modified":"2025-07-12T21:03:24","modified_gmt":"2025-07-12T19:03:24","slug":"mug-la-vie-est-un-defi-releve-le","status":"publish","type":"product","link":"https:\/\/creations-amandine.fr\/?product=mug-la-vie-est-un-defi-releve-le","title":{"rendered":"Mug &#8221; La vie est un d\u00e9fi, rel\u00e8ve-le !&#8221;"},"content":{"rendered":"<h2><strong>Mug &#8220;La vie est un d\u00e9fi, rel\u00e8ve-le !&#8221;<\/strong><\/h2>\n<p>Frais de port \u00e0 la charge du client<\/p>\n","protected":false},"excerpt":{"rendered":"<h2><strong>Mug &#8221; La vie est un d\u00e9fi, rel\u00e8ve-le !&#8221;<\/strong><\/h2>\n<p>Frais de port \u00e0 la charge du client<\/p>\n","protected":false},"featured_media":548,"comment_status":"open","ping_status":"closed","template":"","meta":{"_et_pb_use_builder":"","_et_pb_old_content":"","_et_gb_content_width":""},"product_brand":[],"product_cat":[36],"product_tag":[],"class_list":{"0":"post-544","1":"product","2":"type-product","3":"status-publish","4":"has-post-thumbnail","6":"product_cat-mug","8":"first","9":"instock","10":"shipping-taxable","11":"purchasable","12":"product-type-simple"},"_links":{"self":[{"href":"https:\/\/creations-amandine.fr\/index.php?rest_route=\/wp\/v2\/product\/544","targetHints":{"allow":["GET"]}}],"collection":[{"href":"https:\/\/creations-amandine.fr\/index.php?rest_route=\/wp\/v2\/product"}],"about":[{"href":"https:\/\/creations-amandine.fr\/index.php?rest_route=\/wp\/v2\/types\/product"}],"replies":[{"embeddable":true,"href":"https:\/\/creations-amandine.fr\/index.php?rest_route=%2Fwp%2Fv2%2Fcomments&post=544"}],"wp:featuredmedia":[{"embeddable":true,"href":"https:\/\/creations-amandine.fr\/index.php?rest_route=\/wp\/v2\/media\/548"}],"wp:attachment":[{"href":"https:\/\/creations-amandine.fr\/index.php?rest_route=%2Fwp%2Fv2%2Fmedia&parent=544"}],"wp:term":[{"taxonomy":"product_brand","embeddable":true,"href":"https:\/\/creations-amandine.fr\/index.php?rest_route=%2Fwp%2Fv2%2Fproduct_brand&post=544"},{"taxonomy":"product_cat","embeddable":true,"href":"https:\/\/creations-amandine.fr\/index.php?rest_route=%2Fwp%2Fv2%2Fproduct_cat&post=544"},{"taxonomy":"product_tag","embeddable":true,"href":"https:\/\/creations-amandine.fr\/index.php?rest_route=%2Fwp%2Fv2%2Fproduct_tag&post=544"}],"curies":[{"name":"wp","href":"https:\/\/api.w.org\/{rel}","templated":true}]}}