{"id":276,"date":"2022-08-17T16:26:09","date_gmt":"2022-08-17T14:26:09","guid":{"rendered":"https:\/\/creations-amandine.fr\/?post_type=product&#038;p=276"},"modified":"2023-04-03T21:30:26","modified_gmt":"2023-04-03T19:30:26","slug":"t-shirt-enfants-1","status":"publish","type":"product","link":"https:\/\/creations-amandine.fr\/?product=t-shirt-enfants-1","title":{"rendered":"T-shirt Enfants La Sir\u00e8ne"},"content":{"rendered":"<p><strong>T-Shirt Enfants La sir\u00e8ne<\/strong><br \/>\n<em>Le prix est variable selon les tailles demand\u00e9es.\u00a0<\/em><\/p>\n<p>Le t-shirt est sur commande uniquement avec le mod\u00e8le pr\u00e9sent\u00e9.<\/p>\n<p>Frais de port \u00e0 la charge du client<\/p>\n","protected":false},"excerpt":{"rendered":"<p><strong>T-Shirt Enfants La Sir\u00e8ne<\/strong><br \/>\n<em>Le prix est variable selon les tailles demand\u00e9es.\u00a0<\/em><\/p>\n<p>Frais de port \u00e0 la charge du client<\/p>\n","protected":false},"featured_media":282,"comment_status":"open","ping_status":"closed","template":"","meta":{"_et_pb_use_builder":"","_et_pb_old_content":"","_et_gb_content_width":""},"product_brand":[],"product_cat":[30],"product_tag":[],"class_list":{"0":"post-276","1":"product","2":"type-product","3":"status-publish","4":"has-post-thumbnail","6":"product_cat-tee-shirt-adulte-enfant","8":"first","9":"instock","10":"sold-individually","11":"shipping-taxable","12":"product-type-variable"},"_links":{"self":[{"href":"https:\/\/creations-amandine.fr\/index.php?rest_route=\/wp\/v2\/product\/276","targetHints":{"allow":["GET"]}}],"collection":[{"href":"https:\/\/creations-amandine.fr\/index.php?rest_route=\/wp\/v2\/product"}],"about":[{"href":"https:\/\/creations-amandine.fr\/index.php?rest_route=\/wp\/v2\/types\/product"}],"replies":[{"embeddable":true,"href":"https:\/\/creations-amandine.fr\/index.php?rest_route=%2Fwp%2Fv2%2Fcomments&post=276"}],"wp:featuredmedia":[{"embeddable":true,"href":"https:\/\/creations-amandine.fr\/index.php?rest_route=\/wp\/v2\/media\/282"}],"wp:attachment":[{"href":"https:\/\/creations-amandine.fr\/index.php?rest_route=%2Fwp%2Fv2%2Fmedia&parent=276"}],"wp:term":[{"taxonomy":"product_brand","embeddable":true,"href":"https:\/\/creations-amandine.fr\/index.php?rest_route=%2Fwp%2Fv2%2Fproduct_brand&post=276"},{"taxonomy":"product_cat","embeddable":true,"href":"https:\/\/creations-amandine.fr\/index.php?rest_route=%2Fwp%2Fv2%2Fproduct_cat&post=276"},{"taxonomy":"product_tag","embeddable":true,"href":"https:\/\/creations-amandine.fr\/index.php?rest_route=%2Fwp%2Fv2%2Fproduct_tag&post=276"}],"curies":[{"name":"wp","href":"https:\/\/api.w.org\/{rel}","templated":true}]}}