{"id":210,"date":"2022-08-17T15:12:20","date_gmt":"2022-08-17T13:12:20","guid":{"rendered":"http:\/\/creations-amandine.fr\/?post_type=product&#038;p=210"},"modified":"2023-12-04T12:06:10","modified_gmt":"2023-12-04T11:06:10","slug":"tableau-calligraphie-7","status":"publish","type":"product","link":"https:\/\/creations-amandine.fr\/?product=tableau-calligraphie-7","title":{"rendered":"Tableau Calligraphie &#8220;Le mariage est la volont\u00e9 \u00e0 2 de cr\u00e9er l&#8217;unique&#8221;"},"content":{"rendered":"<p><strong>Tableau Calligraphie<br \/>\n<\/strong><em>&#8220;Le mariage est la volont\u00e9 \u00e0 2 de cr\u00e9er l&#8217;unique&#8221;<\/em><br \/>\nFormat 24 x 30 cm<\/p>\n<p>Frais de port \u00e0 la charge du client<\/p>\n","protected":false},"excerpt":{"rendered":"<p><strong>Tableau Calligraphie<br \/>\n<\/strong><em>&#8220;Le mariage est la volont\u00e9 \u00e0 2 de cr\u00e9er l&#8217;unique&#8221;<\/em><br \/>\nFormat 24 x 30 cm<\/p>\n<p>Frais de port \u00e0 la charge du client<\/p>\n","protected":false},"featured_media":211,"comment_status":"open","ping_status":"closed","template":"","meta":{"_et_pb_use_builder":"","_et_pb_old_content":"","_et_gb_content_width":""},"product_brand":[],"product_cat":[26],"product_tag":[],"class_list":{"0":"post-210","1":"product","2":"type-product","3":"status-publish","4":"has-post-thumbnail","6":"product_cat-tableaux-calligraphie","8":"first","9":"instock","10":"sold-individually","11":"shipping-taxable","12":"purchasable","13":"product-type-simple"},"_links":{"self":[{"href":"https:\/\/creations-amandine.fr\/index.php?rest_route=\/wp\/v2\/product\/210","targetHints":{"allow":["GET"]}}],"collection":[{"href":"https:\/\/creations-amandine.fr\/index.php?rest_route=\/wp\/v2\/product"}],"about":[{"href":"https:\/\/creations-amandine.fr\/index.php?rest_route=\/wp\/v2\/types\/product"}],"replies":[{"embeddable":true,"href":"https:\/\/creations-amandine.fr\/index.php?rest_route=%2Fwp%2Fv2%2Fcomments&post=210"}],"wp:featuredmedia":[{"embeddable":true,"href":"https:\/\/creations-amandine.fr\/index.php?rest_route=\/wp\/v2\/media\/211"}],"wp:attachment":[{"href":"https:\/\/creations-amandine.fr\/index.php?rest_route=%2Fwp%2Fv2%2Fmedia&parent=210"}],"wp:term":[{"taxonomy":"product_brand","embeddable":true,"href":"https:\/\/creations-amandine.fr\/index.php?rest_route=%2Fwp%2Fv2%2Fproduct_brand&post=210"},{"taxonomy":"product_cat","embeddable":true,"href":"https:\/\/creations-amandine.fr\/index.php?rest_route=%2Fwp%2Fv2%2Fproduct_cat&post=210"},{"taxonomy":"product_tag","embeddable":true,"href":"https:\/\/creations-amandine.fr\/index.php?rest_route=%2Fwp%2Fv2%2Fproduct_tag&post=210"}],"curies":[{"name":"wp","href":"https:\/\/api.w.org\/{rel}","templated":true}]}}